{"id":23,"date":"2019-07-08T18:22:59","date_gmt":"2019-07-08T16:22:59","guid":{"rendered":"https:\/\/cukieteria.wordpress.com\/?page_id=23"},"modified":"2019-07-08T18:22:59","modified_gmt":"2019-07-08T16:22:59","slug":"garsc-wiedzy","status":"publish","type":"page","link":"https:\/\/www.cukieteria.pl\/blog\/garsc-wiedzy\/","title":{"rendered":"GAR\u015a\u0106 WIEDZY"},"content":{"rendered":"\n<p> <strong>Co to jest i jak dzia\u0142a granitor? Jak zrobi\u0107 granit\u0119?&nbsp;<\/strong>  &nbsp;  <\/p>\n\n\n\n<figure class=\"wp-block-image is-resized\"><img loading=\"lazy\" src=\"https:\/\/www.cukieteria.pl\/blog\/wp-content\/uploads\/2019\/07\/granitor-owocowe-granity_556x430.png?w=556\" alt=\"\" class=\"wp-image-33\" width=\"550\" height=\"425\" srcset=\"https:\/\/www.cukieteria.pl\/blog\/wp-content\/uploads\/2019\/07\/granitor-owocowe-granity_556x430.png 556w, https:\/\/www.cukieteria.pl\/blog\/wp-content\/uploads\/2019\/07\/granitor-owocowe-granity_556x430-300x232.png 300w\" sizes=\"(max-width: 550px) 100vw, 550px\" \/><\/figure>\n\n\n\n<p>Granitory&nbsp;w gastronomii doceniane s\u0105 szczeg\u00f3lnie w sezonie letnim we wszystkich lokalach &nbsp;i punktach mobilnych, serwuj\u0105cych orze\u017awiaj\u0105ce, mro\u017cone napoje dla spragnionych turyst\u00f3w i klient\u00f3w. Urz\u0105dzenie w \u0142atwy spos\u00f3b przygotowuje i sch\u0142adza GRANITY (z angielskiego Slush) najcz\u0119\u015bciej na bazie syrop\u00f3w owocowych i wody lub gotowych mieszanek.  Co ciekawe Granita si\u0119ga tradycyji sycylijskiego deseru. Oryginalnie sporz\u0105dzana jest z wody, soku z cytryny i cukru. Charakteryzuje si\u0119 wyczuwalnymi grudkami lodu, w odr\u00f3\u017cnieniu od sorbetu ma ziarnist\u0105 struktur\u0119 napoju.  Ponadto w granitorze mo\u017cemy sporz\u0105dzi\u0107 pyszne sorbetto (mro\u017cony jogurt przypominaj\u0105cy sheak-a). Ciekaw\u0105 propozycje stanowi\u0105 napoje alkoholowe takie jak Pina Colada, Margarita, Daiquiri czy inne koktaile. W zale\u017cno\u015bci od g\u0119sto\u015bci gotowego produktu serwowany jest ze s\u0142omk\u0105 lub \u0142y\u017ceczk\u0105.&nbsp;  <\/p>\n\n\n\n<p><strong>Przyk\u0142adowe przepisy na granit\u0119:<\/strong>  \u00a0  <\/p>\n\n\n\n<p><strong>Granity mo\u017cemy przygotowywa\u0107 na kilka sposob\u00f3w. <\/strong><br><br> <strong>1.<\/strong> Pierwszym ze sposob\u00f3w jest skorzystanie z gotowych koncentrat\u00f3w w proszku lub p\u0142ynie. Koncentraty s\u0105 bardzo \u0142atwe w u\u017cyciu i przy zachowaniu tej samej receptury zapewniaj\u0105 zawsze powtarzalno\u015b\u0107 produktu. <br> Przyk\u0142adem takich granit s\u0105 Koncentraty w proszku firmy MultiIce. Firma proponuje bardzo du\u017cy wyb\u00f3r smak\u00f3w od klasycznej granity jab\u0142kowej, cytrynowo-limonkowej, malinowej, brzoskwiniowej, jagodowej po smaki bardziej nawi\u0105zuj\u0105ce do popularnych napoi takich jak Cola i energeryki.<\/p>\n\n\n\n<figure class=\"wp-block-image\"><img loading=\"lazy\" width=\"556\" height=\"280\" src=\"https:\/\/www.cukieteria.pl\/blog\/wp-content\/uploads\/2019\/07\/granity-owocowe-koncentraty-do-granit-multiice.png\" alt=\"\" class=\"wp-image-46\" srcset=\"https:\/\/www.cukieteria.pl\/blog\/wp-content\/uploads\/2019\/07\/granity-owocowe-koncentraty-do-granit-multiice.png 556w, https:\/\/www.cukieteria.pl\/blog\/wp-content\/uploads\/2019\/07\/granity-owocowe-koncentraty-do-granit-multiice-300x151.png 300w\" sizes=\"(max-width: 556px) 100vw, 556px\" \/><figcaption>Koncentraty w proszku do granit<\/figcaption><\/figure>\n\n\n\n<p><strong>Podstawowa receptura to 1kg proszku na 6l wody. <\/strong><br>Cena proszku do granit wynosi od 15 do 19 z\u0142\/kg<\/p>\n\n\n\n<p><strong>2.<\/strong> Drugim sposobem jest przygotowanie granity na bazie specjalnego proszku do lod\u00f3w, kt\u00f3rego u\u017cywa si\u0119 w produkcji sorbet\u00f3w. Taki spos\u00f3b przygotowania bazy granity umo\u017cliwia tworzenie indywidualnych smak\u00f3w z zastosowanie np. Puree owocowych MONIN. Podstawowa receptura na przygotowanie bazy granity to:<\/p>\n\n\n\n<p><strong>3,6l wody&nbsp; +&nbsp; 100g Bazy <a href=\"https:\/\/www.cukieteria.pl\/bazy-do-lodow\/4076-2kg-baza-do-sorbetow-fruit-50-f-12091301-pernigotto.html\">FUIT 50F PERNIGOTTI<\/a> &nbsp;+&nbsp; 300g cukru&nbsp;<\/strong> <\/p>\n\n\n\n<p>Ca\u0142o\u015b\u0107 mieszamy i zalewamy nasze urz\u0105dzenie. Dalej post\u0119pujemy zgodnie z Instrukcj\u0105 obs\u0142ugi granitowa. <\/p>\n\n\n\n<figure class=\"wp-block-image\"><img loading=\"lazy\" width=\"2444\" height=\"1885\" src=\"https:\/\/www.cukieteria.pl\/blog\/wp-content\/uploads\/2019\/07\/granita-na-bazie-bazy-pernigotti-puree-monin.jpg?w=780\" alt=\"\" class=\"wp-image-38\" srcset=\"https:\/\/www.cukieteria.pl\/blog\/wp-content\/uploads\/2019\/07\/granita-na-bazie-bazy-pernigotti-puree-monin.jpg 2444w, https:\/\/www.cukieteria.pl\/blog\/wp-content\/uploads\/2019\/07\/granita-na-bazie-bazy-pernigotti-puree-monin-300x231.jpg 300w, https:\/\/www.cukieteria.pl\/blog\/wp-content\/uploads\/2019\/07\/granita-na-bazie-bazy-pernigotti-puree-monin-768x592.jpg 768w, https:\/\/www.cukieteria.pl\/blog\/wp-content\/uploads\/2019\/07\/granita-na-bazie-bazy-pernigotti-puree-monin-1024x790.jpg 1024w, https:\/\/www.cukieteria.pl\/blog\/wp-content\/uploads\/2019\/07\/granita-na-bazie-bazy-pernigotti-puree-monin-1568x1209.jpg 1568w\" sizes=\"(max-width: 2444px) 100vw, 2444px\" \/><\/figure>\n\n\n\n<p>Baz\u0119 granity mo\u017cemy traktowa\u0107 jako wariant do wyboru dalszego smaku granity przez klienta. Nape\u0142niamy kubek zmro\u017conym napojem, a nast\u0119pnie klient wybiera smak Puree owocowego, jakie chce doda\u0107. Doskonale sprawdzaj\u0105 si\u0119 <a href=\"https:\/\/www.cukieteria.pl\/667-puree-monin-pulpy-ravifruit\">Puree MONIN<\/a>, kt\u00f3re s\u0105 mocno skoncentrowane i bardzo owocowe. Zachowuj\u0105 swoja naturalno\u015b\u0107, dzi\u0119ki m.in. zawarto\u015bci naturalnych pesteczek owoc\u00f3w w Puree kiwi i jagodowym.<\/p>\n\n\n\n<p>Na kubek bazy granitowej rekomenduje si\u0119 15ml Puree<br>Cena bazy FRUIT Pernigotti to ok. 100 z\u0142\/kg, a 1l Puree owocowego MONIN to koszt ok. 51 z\u0142Na kubek bazy granitowej rekomenduje si\u0119 15ml Puree<br><\/p>\n\n\n\n<blockquote class=\"wp-block-quote\"><p>Rada naszego Eksperta \u201e Zalewaj\u0105c maszyn\u0119 pierwszy raz mieszank\u0105, nale\u017cy obserwowa\u0107 jak zachowuje si\u0119 granita, aby jej nie przemrozi\u0107. W zale\u017cno\u015bci od ustawie\u0144 na urz\u0105dzeniu dostosowa\u0107 parametry. Mocne przemro\u017cenie i zbrylenie granity, mo\u017ce grozi\u0107 uszkodzeniem maszyny\u201d <\/p><\/blockquote>\n\n\n\n<p><strong>Rodzaje granitor\u00f3w<\/strong>  <\/p>\n\n\n\n<ul class=\"wp-block-gallery columns-3 is-cropped\"><li class=\"blocks-gallery-item\"><figure><img loading=\"lazy\" width=\"460\" height=\"440\" src=\"https:\/\/www.cukieteria.pl\/blog\/wp-content\/uploads\/2019\/07\/granitor-bras-fbm-target-2-x-10l.jpg?w=460\" alt=\"\" data-id=\"37\" class=\"wp-image-37\" srcset=\"https:\/\/www.cukieteria.pl\/blog\/wp-content\/uploads\/2019\/07\/granitor-bras-fbm-target-2-x-10l.jpg 460w, https:\/\/www.cukieteria.pl\/blog\/wp-content\/uploads\/2019\/07\/granitor-bras-fbm-target-2-x-10l-300x287.jpg 300w\" sizes=\"(max-width: 460px) 100vw, 460px\" \/><\/figure><\/li><li class=\"blocks-gallery-item\"><figure><img loading=\"lazy\" width=\"460\" height=\"440\" src=\"https:\/\/www.cukieteria.pl\/blog\/wp-content\/uploads\/2019\/07\/granitor-bras-fbm-target-1-x-10l-1.jpg?w=460\" alt=\"\" data-id=\"36\" class=\"wp-image-36\" srcset=\"https:\/\/www.cukieteria.pl\/blog\/wp-content\/uploads\/2019\/07\/granitor-bras-fbm-target-1-x-10l-1.jpg 460w, https:\/\/www.cukieteria.pl\/blog\/wp-content\/uploads\/2019\/07\/granitor-bras-fbm-target-1-x-10l-1-300x287.jpg 300w\" sizes=\"(max-width: 460px) 100vw, 460px\" \/><figcaption><a href=\"https:\/\/www.cukieteria.pl\/646-granitory-i-dyspensery-do-napojow\" target=\"_blank\" rel=\"noreferrer noopener\" aria-label=\" (otwiera si\u0119 w nowej karcie)\">https:\/\/www.cukieteria.pl\/646-granitory-i-dyspensery-do-napojow<\/a><\/figcaption><\/figure><\/li><li class=\"blocks-gallery-item\"><figure><img loading=\"lazy\" width=\"800\" height=\"800\" src=\"https:\/\/www.cukieteria.pl\/blog\/wp-content\/uploads\/2019\/07\/3x10l-dyspenser-granitor-do-granity-napojow-chlodzacych.jpg?w=780\" alt=\"\" data-id=\"35\" class=\"wp-image-35\" srcset=\"https:\/\/www.cukieteria.pl\/blog\/wp-content\/uploads\/2019\/07\/3x10l-dyspenser-granitor-do-granity-napojow-chlodzacych.jpg 800w, https:\/\/www.cukieteria.pl\/blog\/wp-content\/uploads\/2019\/07\/3x10l-dyspenser-granitor-do-granity-napojow-chlodzacych-150x150.jpg 150w, https:\/\/www.cukieteria.pl\/blog\/wp-content\/uploads\/2019\/07\/3x10l-dyspenser-granitor-do-granity-napojow-chlodzacych-300x300.jpg 300w, https:\/\/www.cukieteria.pl\/blog\/wp-content\/uploads\/2019\/07\/3x10l-dyspenser-granitor-do-granity-napojow-chlodzacych-768x768.jpg 768w\" sizes=\"(max-width: 800px) 100vw, 800px\" \/><\/figure><\/li><\/ul>\n\n\n\n<p>Granitor mo\u017ce by\u0107 jedno lub kilku komorowy. Pojemno\u015b\u0107 zbiornik\u00f3w wynosi najcz\u0119\u015bciej od 6 do 12L. Wyb\u00f3r wielko\u015bci uzale\u017cniony powinien by\u0107 od lokalizacji punktu gastronomicznego i nat\u0119\u017cenia ruchu jakiego si\u0119 spodziewamy. Mniejsze granitory &#8211; jedno lub dwukomorowe \u0142atwiejsze s\u0105 do przenoszenia, w przypadku gdy planujemy zmian\u0119 lokalizacji ze stacjonarnej na mobilne stoisko np. w samochodzie typu Food Truck.  <\/p>\n\n\n\n<p><strong>W wielu granitorach istniej\u0105 funkcje: <\/strong> \u00b7&nbsp;&nbsp;&nbsp;&nbsp;&nbsp;&nbsp;&nbsp;&nbsp; <\/p>\n\n\n\n<p>Regulacji wielko\u015bci i g\u0119sto\u015bci (grubo\u015bci) mieszanego produktu  \u00b7&nbsp;&nbsp;&nbsp;&nbsp;&nbsp;&nbsp;&nbsp;&nbsp; Ustawienia temperatury w zale\u017cno\u015bci od rodzaju napoju, jaki chcemy serwowa\u0107  o&nbsp;&nbsp;&nbsp; od +2oC do +8oC ch\u0142odne napoje;   o&nbsp;&nbsp;&nbsp; -5oC do -2oC zmro\u017cone napoje   <br>Niezale\u017cnej pracy ka\u017cdego ze zbiornik\u00f3w z osobna   &nbsp;  <\/p>\n\n\n\n<p>Cena urz\u0105dzenia, w zale\u017cno\u015bci od wielko\u015bci oscyluje w granicach od 5 do 10 tysi\u0119cy z\u0142otych brutto.   <\/p>\n\n\n\n<p><strong>Gdzie mo\u017cemy wykorzysta\u0107 Granitor?<\/strong> <\/p>\n\n\n\n<p> \u00b7&nbsp;Lodziarnie i cukiernie  <br>\u00b7&nbsp;&nbsp;Restauracje <br> \u00b7&nbsp;Stoiska mobilne  <br>\u00b7&nbsp;&nbsp;Punkty franchisingowe  <br>\u00b7&nbsp;&nbsp;Kina, salony gier i zabaw  <br>\u00b7&nbsp;&nbsp;Parki rozrywki  <br>\u00b7&nbsp;&nbsp;Punkty typu fast food i snack bar  <\/p>\n\n\n\n<p>Sprzeda\u017c orze\u017awiaj\u0105cych napoj\u00f3w lodowych, daje du\u017ce zyski, szczeg\u00f3lnie w bardzo ruchliwych du\u017cych kurortach turystycznych, zw\u0142aszcza nadmorskich <\/p>\n\n\n\n<div class=\"wp-block-media-text alignwide has-media-on-the-right is-vertically-aligned-top\"><figure class=\"wp-block-media-text__media\"><\/figure><div class=\"wp-block-media-text__content\">\n<p class=\"has-large-font-size\"><\/p>\n<\/div><\/div>\n","protected":false},"excerpt":{"rendered":"<p>Co to jest i jak dzia\u0142a granitor? Jak zrobi\u0107 granit\u0119?&nbsp; &nbsp; Granitory&nbsp;w gastronomii doceniane s\u0105 szczeg\u00f3lnie w sezonie letnim we wszystkich lokalach &nbsp;i punktach mobilnych, serwuj\u0105cych orze\u017awiaj\u0105ce, mro\u017cone napoje dla spragnionych turyst\u00f3w i klient\u00f3w. Urz\u0105dzenie w \u0142atwy spos\u00f3b przygotowuje i sch\u0142adza GRANITY (z angielskiego Slush) najcz\u0119\u015bciej na bazie syrop\u00f3w owocowych<\/p>\n","protected":false},"author":2,"featured_media":0,"parent":0,"menu_order":0,"comment_status":"closed","ping_status":"closed","template":"","meta":[],"aioseo_notices":[],"_links":{"self":[{"href":"https:\/\/www.cukieteria.pl\/blog\/wp-json\/wp\/v2\/pages\/23"}],"collection":[{"href":"https:\/\/www.cukieteria.pl\/blog\/wp-json\/wp\/v2\/pages"}],"about":[{"href":"https:\/\/www.cukieteria.pl\/blog\/wp-json\/wp\/v2\/types\/page"}],"author":[{"embeddable":true,"href":"https:\/\/www.cukieteria.pl\/blog\/wp-json\/wp\/v2\/users\/2"}],"replies":[{"embeddable":true,"href":"https:\/\/www.cukieteria.pl\/blog\/wp-json\/wp\/v2\/comments?post=23"}],"version-history":[{"count":0,"href":"https:\/\/www.cukieteria.pl\/blog\/wp-json\/wp\/v2\/pages\/23\/revisions"}],"wp:attachment":[{"href":"https:\/\/www.cukieteria.pl\/blog\/wp-json\/wp\/v2\/media?parent=23"}],"curies":[{"name":"wp","href":"https:\/\/api.w.org\/{rel}","templated":true}]}}